{"id":105,"date":"2023-08-20T10:12:57","date_gmt":"2023-08-20T10:12:57","guid":{"rendered":"https:\/\/tanssivarpaat.net\/athml\/?page_id=105"},"modified":"2025-11-17T06:58:58","modified_gmt":"2025-11-17T06:58:58","slug":"ajankohtaista-alustava-ei-varma","status":"publish","type":"page","link":"https:\/\/tanssivarpaat.net\/athml\/index.php\/ajankohtaista-alustava-ei-varma\/","title":{"rendered":"Ajankohtaista"},"content":{"rendered":"\n<h2 class=\"wp-block-heading\"><strong> <\/strong><\/h2>\n\n\n\n<h2 class=\"wp-block-heading has-text-align-center\"><em>Syksy 2025<\/em><\/h2>\n\n\n\n<p class=\"has-text-align-center\"><strong>Tutustu my\u00f6s Facebook-sivuihimme.<\/strong><\/p>\n\n\n\n<p class=\"has-cyan-bluish-gray-color has-text-color has-link-color wp-elements-9c7f002c5c304c3292cd5b1e74dd9f46\"><em>P\u00e4ivitetty 23.8.2025<\/em><\/p>\n\n\n\n<p>T\u00e4lt\u00e4 sivulta l\u00f6yd\u00e4t kaikki<em> kurssi- ja tuntikuvaukset. Klikkaamalla otsikkoa p\u00e4\u00e4set lukemaan tarkemmin. Nettiselaimen palaa-painikkeella (nuoli vasemmalle) p\u00e4\u00e4set t\u00e4h\u00e4n luetteloon takaisin.<br>Voit my\u00f6s selata\/rullata sivua vapaasti alasp\u00e4in.<\/em><br><strong>Maksuv\u00e4linein\u00e4<\/strong> <strong>k\u00e4yv\u00e4t<\/strong>: <strong>pankkikortti tai k\u00e4teinen (tasaraha) sek\u00e4 ePassi tai Smartum<\/strong><\/p>\n\n\n\n<ol class=\"wp-block-list\">\n<li><a href=\"https:\/\/tanssivarpaat.net\/athml\/index.php\/ajankohtaista-alustava-ei-varma\/#intensiivi\"><\/a><strong>Yksityistunnit<\/strong><br>Alexander-tekniikkaan tutustuminen kannattaa aloittaa yksityistunneilla. Silloin saat henkil\u00f6kohtaista omiin tarpeisiisi sopivaa ohjausta.<br>Varaa aika ja sovi ajankohta opettajan kanssa: <strong><a href=\"https:\/\/tanssivarpaat.net\/athml\/index.php\/yhteydet\/\">Yhteystiedot<\/a><\/strong><\/li>\n\n\n\n<li><strong><a href=\"https:\/\/tanssivarpaat.net\/athml\/index.php\/ajankohtaista-alustava-ei-varma\/#after\">Alexander-tekniikan illat<\/a><\/strong><br>Ty\u00f6p\u00e4iv\u00e4n j\u00e4lkeen voit pys\u00e4hty\u00e4 ja olla rauhassa suorittamatta mit\u00e4\u00e4n pienryhm\u00e4ss\u00e4.<\/li>\n\n\n\n<li><strong><a href=\"https:\/\/tanssivarpaat.net\/athml\/index.php\/ajankohtaista-alustava-ei-varma\/#pienet\">Peruskurssit<\/a><\/strong><br>Voit oppia havaitsemaan ja muuttamaan vanhoja tapojasi sek\u00e4 tottumuksiasi jotka rasittavat sinua ja kehoasi. Kurssit sopivat kaikille, sek\u00e4 aloittelijoille ett\u00e4 niille jotka ovat jo v\u00e4h\u00e4n tutustuneet tekniikkaan.<\/li>\n\n\n\n<li><strong><a href=\"https:\/\/tanssivarpaat.net\/athml\/index.php\/ajankohtaista-alustava-ei-varma\/#metsa\">Tietoinen mets\u00e4k\u00e4vely<\/a><\/strong><br>Her\u00e4ttele eri aistejasi luonnossa ja rauhoita kehon sek\u00e4 mielen yhteys.<\/li>\n\n\n\n<li><strong><a href=\"https:\/\/tanssivarpaat.net\/athml\/index.php\/ajankohtaista-alustava-ei-varma\/#liike\">Alexander-tekniikka ja tietoinen liike<\/a><\/strong><br>L\u00f6yd\u00e4 tietoisempi sek\u00e4 tasapainoisempi tapa liikkua rauhallisten liikesarjojen avulla.<\/li>\n\n\n\n<li><strong><a href=\"https:\/\/tanssivarpaat.net\/athml\/index.php\/ajankohtaista-alustava-ei-varma\/#alku\">Ty\u00f6hyvinvointia: omalle ty\u00f6porukallesi r\u00e4\u00e4t\u00e4l\u00f6ty kurssi<\/a><\/strong><br>Tutustutaan Alexander-tekniikan perusasioihin. Tekniikan avulla mm. liikkuminen kevenee, hengitys helpottuu ja kevenee, \u00e4\u00e4ni kulkee vapaammin sek\u00e4 tasapaino paranee.<\/li>\n\n\n\n<li><strong><a href=\"https:\/\/tanssivarpaat.net\/athml\/index.php\/ajankohtaista-alustava-ei-varma\/#lupa\">Lupa pys\u00e4hty\u00e4<\/a><\/strong> -ryhm\u00e4<br>Lupa pys\u00e4hty\u00e4 ja olla suorittamatta. Kokoonnumme n. kerran kuukaudessa.<\/li>\n\n\n\n<li><strong>Konkareiden ryhm\u00e4<\/strong><br>Ryhm\u00e4 on tarkoitettu jo useille kursseille osallistuneille sek\u00e4 tekniikkaan pidemp\u00e4\u00e4n tutustuneille.<br>Ryhm\u00e4 kokoontuu kerran kuukaudessa keskiviikkoisin.<br>Kysy lis\u00e4tietoja.<\/li>\n\n\n\n<li><strong><a href=\"https:\/\/tanssivarpaat.net\/athml\/index.php\/ajankohtaista-alustava-ei-varma\/#LOMAKE\">Ilmoittautumislomake<\/a>: <\/strong>valitse kaikki kiinnostavat kurssit kerralla!<br><br><\/li>\n<\/ol>\n\n\n\n<h2 class=\"wp-block-heading\" id=\"lupa\"><strong>LUPA PYS\u00c4HTY\u00c4<\/strong> <strong>-ryhm\u00e4<\/strong><\/h2>\n\n\n\n<p>Lupa pys\u00e4hty\u00e4 -ryhm\u00e4 kokoontuu kolme kertaa syksyn aikana. Ryhm\u00e4 sopii kaikille, sek\u00e4 aloittelijoille ett\u00e4 niille jotka ovat jo v\u00e4h\u00e4n tutustuneet tekniikkaan. Mukaan mahtuu 5-6 osallistujaa. Ryhm\u00e4ss\u00e4 tutkitaan luonnollista tasapainoilua, istumista, seisomista, k\u00e4vely\u00e4, tutustutaan aktiiviseen lepoasentoon, her\u00e4tell\u00e4\u00e4n n\u00e4k\u00f6kentti\u00e4, vapaampaa hengityst\u00e4 ja muita aisteja.<\/p>\n\n\n\n<p><strong>Kokoontumiset<\/strong> <strong>syksyll\u00e4 2025<\/strong> <br><em>torstaina <\/em>25.9. klo 18.30-20.30<br><em>torstaina <\/em>23.10. klo 18.30-20.30<br><em>torstaina <\/em>27.11. klo 18.30-20.30<br><br><strong>Alexander-tekniikka sopii kaikille. <\/strong>Mit\u00e4\u00e4n erityistaitoja ei tarvita. Tunneilla ja ryhmiss\u00e4 normaali vaatetus tai rento ja mukava asu.<br><br><strong>Hinta <\/strong>105\u20ac<br># kurssit j\u00e4rjestet\u00e4\u00e4n ty\u00f6huoneellani osoitteessa Suomen Kasarmi 2<br># Ilmoittaudu viimeist\u00e4\u00e4n viikkoa ennen: <strong><strong><a href=\"https:\/\/tanssivarpaat.net\/athml\/index.php\/ajankohtaista-alustava-ei-varma\/#LOMAKE\">Ilmoittautumislomakeen<\/a><\/strong> kautta<\/strong> tai laita s\u00e4hk\u00f6postia tai tekstiviesti (<strong><a href=\"https:\/\/tanssivarpaat.net\/athml\/index.php\/yhteydet\/\">Yhteystiedot<\/a><\/strong>)<\/p>\n\n\n\n<h2 class=\"wp-block-heading\" id=\"metsa\"><strong>AISTIT AUKI &#8211; TIETOINEN METS\u00c4K\u00c4VELY AHVENISTON ULKOILUALUEELLA<\/strong><\/h2>\n\n\n\n<p><strong>Haluatko her\u00e4tell\u00e4 eri aistejasi luonnossa sek\u00e4 rauhoittaa kehon ja mielen yhteytt\u00e4?<\/strong> <strong>Haluatko l\u00f6yt\u00e4\u00e4 kevyemm\u00e4n tavan liikkua ja k\u00e4vell\u00e4?<\/strong><br><strong>TULE VIRKISTYM\u00c4\u00c4N!<\/strong><\/p>\n\n\n\n<p>Alexander-tekniikka auttaa olemaan l\u00e4sn\u00e4 eri aistien kautta t\u00e4ss\u00e4 hetkess\u00e4, voit aistia itsesi osana ymp\u00e4rist\u00f6\u00e4 ja voit antaa itsesi olla rauhassa.<br>Tunnet maan jakojesi alla, n\u00e4et ymp\u00e4rill\u00e4si olevan luonnon ja kuulet luonnon \u00e4\u00e4net k\u00e4velless\u00e4si.<\/p>\n\n\n\n<p><strong>Tietoja my\u00f6hemmin 2025<\/strong><br><em>sunnuntai<\/em> XXX<br><br><strong>Hinta <\/strong>on <strong>10 \u20ac<\/strong>\/ kerta<\/p>\n\n\n\n<p><strong>Mets\u00e4k\u00e4velyll\u00e4:<\/strong><\/p>\n\n\n\n<ul class=\"wp-block-list\">\n<li>liikutaan rauhassa k\u00e4vellen n. 5 \u2013 6 km<\/li>\n\n\n\n<li>tutkitaan ja her\u00e4tell\u00e4\u00e4n jokaisen omaa luonnollista tasapainoilun tilaa (p\u00e4\u00e4n, kaulan ja sel\u00e4n suhdetta)<\/li>\n\n\n\n<li>her\u00e4tell\u00e4\u00e4n \u00e4\u00e4reisn\u00e4k\u00f6kentti\u00e4 ja tutkitaan tarkan n\u00e4\u00f6n sek\u00e4 \u00e4\u00e4reisn\u00e4\u00f6n eroja<\/li>\n\n\n\n<li>kierroksen aikana pys\u00e4hdyt\u00e4\u00e4n jokusen kerran eri aiheiden \u00e4\u00e4relle, tutkimaan omaa k\u00e4ytt\u00f6\u00e4 sek\u00e4 ymp\u00e4rist\u00f6\u00e4<\/li>\n\n\n\n<li>tutkitaan k\u00e4velytottumuksiamme,<\/li>\n\n\n\n<li>meid\u00e4n on mahdollista l\u00f6yt\u00e4\u00e4 kevyempi ja tietoisempi tapa k\u00e4vell\u00e4 sek\u00e4 tunnistaa erilaisia k\u00e4vely- ja suorittamistottumuksiamme<\/li>\n<\/ul>\n\n\n\n<p><strong>Mets\u00e4k\u00e4vely j\u00e4rjestet\u00e4\u00e4n Ahveniston luontopolulla<\/strong> Ahveniston j\u00e4rven tuntumassa<br>(erityisen huonon s\u00e4\u00e4n sattuessa Suomen Kasarmi 2:ssa)<\/p>\n\n\n\n<p># mukaan mahtuu 6 \u2013 12 osallistujaa<br># <strong>Sitovat ilmoittautumiset viikkoa ennen ajankohtaa<\/strong><br># <strong>ilmoittaudu nettisivujen (<strong><a href=\"https:\/\/tanssivarpaat.net\/athml\/index.php\/ajankohtaista-alustava-ei-varma\/#LOMAKE\">Ilmoittautumislomake<\/a><\/strong><\/strong>)<strong> kautta<\/strong> tai laita s\u00e4hk\u00f6postia tai tekstiviesti (<strong><a href=\"https:\/\/tanssivarpaat.net\/athml\/index.php\/yhteydet\/\">Yhteystiedot<\/a><\/strong>)<\/p>\n\n\n\n<p>Suunnataan yhdess\u00e4 aistien kautta kohti tietoisempaa k\u00e4vely\u00e4!<\/p>\n\n\n\n<h2 class=\"wp-block-heading\" id=\"after\"><br><strong>ILTA ALEXANDER-TEKNIIKAN PARISSA<\/strong><\/h2>\n\n\n\n<p><strong>Miten palaudut? Stressaatko asioista? Suoritatko asioita?<\/strong><br><strong>Osaatko pys\u00e4hty\u00e4? Tunnetko kipua ja j\u00e4ykkyytt\u00e4?<\/strong><br><strong>Tule mukaan Alexander-tekniikan tutustumisiltoihin!<\/strong><br>Ilta sis\u00e4lt\u00e4\u00e4 tutustumista tekniikkaan ja AT-ty\u00f6skentely\u00e4. Tarjolla on my\u00f6s teet\u00e4.<\/p>\n\n\n\n<p><strong>Ty\u00f6p\u00e4iv\u00e4n j\u00e4lkeen voit pys\u00e4hty\u00e4, olla rauhassa ja suorittamatta<\/strong>. Alexander-ty\u00f6 rauhoittaa ja vahvistaa kehon ja mielen yhteytt\u00e4.<\/p>\n\n\n\n<p><strong>Alexander-tekniikka sopii kaikille. <\/strong>Mit\u00e4\u00e4n erityistaitoja ei tarvita. Tunneilla ja ryhmiss\u00e4 normaali vaatetus tai rento ja mukava asu.<\/p>\n\n\n\n<p>Tutustumisillat <strong>j\u00e4rjestet\u00e4\u00e4n Suomen kasarmi 2:ssa<\/strong> AT Minnamarin ty\u00f6huoneella. Ilmoittaudu mukaan viimeist\u00e4\u00e4n viikkoa ennen ja varaa paikkasi. Voit varata illan my\u00f6s vaikka omalle kaveriporukallesi.<\/p>\n\n\n\n<p><strong>Syksyn 2025 illat<\/strong>:<br>1. <em>torstai<\/em> 11.9. klo 18.00 \u2013 19.30 <strong>Kaipaatko pys\u00e4htymist\u00e4?<\/strong><br>Illan teemana tietoinen l\u00e4sn\u00e4olo, pys\u00e4htyminen ja hermoston rauhoittuminen<br><em>2. torstai <\/em>2.10. klo 18.00 \u2013 19.30 <strong>Vaivaako &#8221;someniska&#8221;?<\/strong><br>Illan teemana on selk\u00e4, niska, hartiat sek\u00e4 niiden hyvinvointi<br>3<em>. keskiviikko <\/em>5.11. klo 18.00 \u2013 19.30 <strong>Pid\u00e4t\u00e4tk\u00f6 hengityst\u00e4si tiukassa paikassa?<\/strong><br>Illan teemana vapaana kulkeva hengitys<br>4<em>. keskiviikko 3<\/em>.12. klo 18.00 \u2013 19.30 <strong>Teemana vakaampi tasapaino<\/strong><br>Illan teemana tasapainoilu, kevyempi liikkuminen ja arjessa toimiminen<\/p>\n\n\n\n<p><\/p>\n\n\n\n<p><strong>Hinta <\/strong>25\u20ac\/ilta<\/p>\n\n\n\n<p>Ilmoittaudu mukaan! Mukaan mahtuu 5-6 osallistujaa\/ilta<\/p>\n\n\n\n<p><strong>Ilmoittautumiset viimeist\u00e4\u00e4n viikkoa ennen nettisivujen (<strong><a href=\"https:\/\/tanssivarpaat.net\/athml\/index.php\/ajankohtaista-alustava-ei-varma\/#LOMAKE\">Ilmoittautumislomake<\/a><\/strong><\/strong>)<strong> kautta<\/strong> tai laita s\u00e4hk\u00f6postia tai tekstiviesti (<strong><a href=\"https:\/\/tanssivarpaat.net\/athml\/index.php\/yhteydet\/\">Yhteystiedot<\/a><\/strong>)<\/p>\n\n\n\n<h2 class=\"wp-block-heading\" id=\"pienet\"><strong>ALEXANDER-TEKNIIKAN PERUSKURSSIT<\/strong><\/h2>\n\n\n\n<p><strong>Miten palaudut? Stressaatko tai suoritatko asioita? <\/strong><strong>Osaatko pys\u00e4hty\u00e4? Miten liikut eli k\u00e4yt\u00e4t itse\u00e4si? Tunnetko kipua ja j\u00e4ykkyytt\u00e4<\/strong>?<\/p>\n\n\n\n<p>Kurssit sopivat kaikille, sek\u00e4 aloittelijoille ett\u00e4 niille jotka ovat jo v\u00e4h\u00e4n tutustuneet tekniikkaan. Mukaan mahtuu 5-6 osallistujaa\/kurssi<\/p>\n\n\n\n<p><strong>Alexander-tekniikan avulla<\/strong> voit oppia havaitsemaan ja muuttamaan vanhoja tapojasi sek\u00e4 tottumuksiasi jotka rasittavat sinua ja kehoasi ja joista voisit mahdollisesti luopua. L\u00f6yd\u00e4t tasapainoisemman ja tietoisemman tavan toimia ja liikkua. Askareet, liikkuminen arjessa tai liikuntasuoritusten aikana sek\u00e4 esiintyminen ja \u00e4\u00e4nenk\u00e4ytt\u00f6 muuttuvat vaivattomammiksi. Alexader-tekniikka auttaa my\u00f6s stressin hallinnassa, hermosto rauhoittuu ja hengitys kulkee vapaammin.<\/p>\n\n\n\n<p><strong>Tekniikka auttaa<\/strong> lempe\u00e4sti my\u00f6s <strong>erilaisiin kiputiloihin.<\/strong><\/p>\n\n\n\n<p><strong>P\u00e4iv\u00e4n kurssilla tutustutaan<\/strong> Alexander-tekniikan menetelmiin pienten harjoitteiden sek\u00e4 aktiviteettien avulla. Voit l\u00f6yt\u00e4\u00e4 keveytt\u00e4 arjen askareisiin tai mihin tahansa toimintaan.<\/p>\n\n\n\n<p><strong>Varusteina<\/strong> rennot vaatteet ja villasukat.<\/p>\n\n\n\n<p><strong>Alexander-tekniikan kurssit ja tunnit sopivat kaikille. <\/strong>Mit\u00e4\u00e4n erityistaitoja ei tarvita.<\/p>\n\n\n\n<p><strong>Kurssit syksyll\u00e4 2025<\/strong><br><em>lauantaina <\/em>29.11. klo 10.00 &#8211; 15.00<\/p>\n\n\n\n<p><strong>Hinta <\/strong>50\u20ac\/kurssi<\/p>\n\n\n\n<p>Valitse p\u00e4iv\u00e4si ja ilmoittaudu mukaan!<\/p>\n\n\n\n<p>Voit ottaa lounasev\u00e4\u00e4n mukaan. Tiloissa on keitti\u00f6 jossa voit l\u00e4mmitt\u00e4\u00e4 ruokasi. Tauolla on my\u00f6s mahdollisuus piipahtaa jossakin l\u00e4hist\u00f6n ruokapaikoista.<\/p>\n\n\n\n<p># kurssit j\u00e4rjestet\u00e4\u00e4n ty\u00f6huoneellani osoitteessa Suomen Kasarmi 2<br># mukaan mahtuu 4 \u2013 6 osallistujaa\/kerta<br>#Ilmoittaudu viimeist\u00e4\u00e4n viikkoa ennen: <strong><strong><a href=\"https:\/\/tanssivarpaat.net\/athml\/index.php\/ajankohtaista-alustava-ei-varma\/#LOMAKE\">Ilmoittautumislomakeen<\/a><\/strong><\/strong><strong> kautta<\/strong> tai laita s\u00e4hk\u00f6postia tai tekstiviesti (<strong><a href=\"https:\/\/tanssivarpaat.net\/athml\/index.php\/yhteydet\/\">Yhteystiedot<\/a><\/strong>)<\/p>\n\n\n\n<p>Suunnataan yhdess\u00e4 lempe\u00e4sti kohti keve\u00e4mp\u00e4\u00e4 ja tietoisempaa olemista!<\/p>\n\n\n\n<h2 class=\"wp-block-heading\" id=\"liike\"><strong>AISTIT AUKI: ALEXANDER-TEKNIIKKA JA TIETOINEN LIIKE<\/strong><\/h2>\n\n\n\n<p><strong>KEVEYTT\u00c4 LIIKKUMISEEN!<\/strong><br><strong>Alexander-tekniikan avulla<\/strong> voit oppia havaitsemaan ja muuttamaan vanhoja tapojasi sek\u00e4 tottumuksiasi jotka rasittavat sinua ja kehoasi ja joista voisit mahdollisesti luopua. <strong>L\u00f6yd\u00e4t tasapainoisemman ja tietoisemman<\/strong> tavan toimia ja <strong>liikkua<\/strong>. Askareet, liikkuminen arjessa tai liikuntasuoritusten aikana sek\u00e4 esiintyminen muuttuvat vaivattomammiksi<\/p>\n\n\n\n<p><strong>Tunneilla:<\/strong><\/p>\n\n\n\n<ul class=\"wp-block-list\">\n<li>tutkitaan Alexander-tekniikan perusajatuksia kuten luonnollista tasapainoilua, perusohjausta eli p\u00e4\u00e4n, kaulan ja sel\u00e4n suhdetta, inhibition tilaa sek\u00e4 eri aisteja<\/li>\n\n\n\n<li>tutustutaan semi-supineen eli aktiiviseen lepoasentoon<\/li>\n\n\n\n<li>tutkitaan tietoista, vapaata ja suunnattua liikett\u00e4<\/li>\n<\/ul>\n\n\n\n<p><strong>Tunnit syksyll\u00e4 2025<\/strong><br><br>yhteens\u00e4 4 kertaa tiistaisin 2.9. &#8211; 23.9.2025 <br>klo 20.30 &#8211; 21.30 <\/p>\n\n\n\n<p><strong>Hinta <\/strong>on 80\u20ac<\/p>\n\n\n\n<p>Tunnit ovat Kirkonkulman koulun salissa. Osoite on Vanhanpappilantie 87.<\/p>\n\n\n\n<ul class=\"wp-block-list\">\n<li>mukaan mahtuu 6 \u2013 14 osallistujaa (minimi osallistujam\u00e4\u00e4r\u00e4 6 henkil\u00f6\u00e4)<\/li>\n\n\n\n<li><strong>Ilmoittautumiset viimeist\u00e4\u00e4n viikkoa ennen kurssia<\/strong> <strong>nettisivujen (<strong><a href=\"https:\/\/tanssivarpaat.net\/athml\/index.php\/ajankohtaista-alustava-ei-varma\/#LOMAKE\">Ilmoittautumislomake<\/a><\/strong><\/strong>)<strong> kautta<\/strong> tai laita s\u00e4hk\u00f6postia tai tekstiviesti (<strong><a href=\"https:\/\/tanssivarpaat.net\/athml\/index.php\/yhteydet\/\">Yhteystiedot<\/a><\/strong>)<\/li>\n\n\n\n<li>tunnille tarvitset rennot ja l\u00e4mpim\u00e4t vaatteet, makuualustan sek\u00e4 pienen pinon kirjoja (4-6 kirjaa, tulevat p\u00e4\u00e4n alle eli mielell\u00e4\u00e4n pehme\u00e4kantisia)<\/li>\n<\/ul>\n\n\n\n<p><strong>Tutkitaan yhdess\u00e4 aistien kautta luonnollista tasapainoilua<\/strong><\/p>\n\n\n\n<h2 class=\"wp-block-heading\" id=\"alku\"><strong>ALEXANDER-TEKNIIKAN RYHM\u00c4T TY\u00d6HYVINVOINTIIN<\/strong><\/h2>\n\n\n\n<p>Varaa ty\u00f6porukallesi oma Alexander-tekniikan kurssi ty\u00f6hyvinvoinnin parantamiseksi! <br>Ryhm\u00e4ss\u00e4 tutustutaan Alexander-tekniikan perusasioihin, mielen ja kehon yhteyteen ja siihen miten reagoimme ulkoa- sek\u00e4 sis\u00e4lt\u00e4p\u00e4in tulevaan informaatioon ja \u00e4rsykkeisiin.<\/p>\n\n\n\n<p>Alexander-tekniikka auttaa havaitsemaan omia tapoja ja tottumuksia sek\u00e4 vapautumaan niist\u00e4. Sen avulla liikkuminen kevenee, hengitys helpottuu ja kevenee, \u00e4\u00e4ni kulkee vapaammin sek\u00e4 tasapaino paranee.<\/p>\n\n\n\n<p>Ryhm\u00e4ss\u00e4 ty\u00f6skennell\u00e4\u00e4n tuolilla istuen ja sek\u00e4 tutustutaan aktiiviseen lepoasentoon eli semi-supineen. Opettajan ohjauksessa tutkitaan tekniikan soveltamista erilaisiin arjen toimintoihin, \u00e4lylaitteiden kanssa ty\u00f6skentelyyn, liikkumiseen, erilaisiin harrastustoimintoihin, j\u00e4nnitykseen, esiintymiseen, puhumiseen jne.<\/p>\n\n\n\n<p>Alexander-tekniikan ryhm\u00e4 sopii kaikille. Mit\u00e4\u00e4n erityistaitoja ei tarvita. Normaali vaatetus tai rento ja mukava asu sek\u00e4 villasukat.<\/p>\n\n\n\n<p>Ker\u00e4\u00e4 oma ryhm\u00e4si ja sovi kolme kurssip\u00e4iv\u00e4\u00e4 tai enemm\u00e4n jotka sopivat juuri teille! Neuvotellaan hinta ja kurssipaikka ryhm\u00e4n tarpeiden mukaan.<\/p>\n\n\n\n<p><\/p>\n\n\n\n<p><strong>Ota yhteytt\u00e4<\/strong> s\u00e4hk\u00f6postilla tai viestill\u00e4 (<strong><a href=\"https:\/\/tanssivarpaat.net\/athml\/index.php\/yhteydet\/\">Yhteystiedot<\/a><\/strong>)<\/p>\n\n\n\n<p>Suunnataan yhdess\u00e4 lempe\u00e4sti kohti keve\u00e4mp\u00e4\u00e4 ja tietoisempaa olemista!<\/p>\n\n\n\n<h2 class=\"wp-block-heading\" id=\"LOMAKE\">ILMOITTAUTUMISLOMAKE<\/h2>\n\n\n\n<p>T\u00e4yt\u00e4 omat perustietosi ja sitten tee valintasi (voit valita useamman vaihtoehdon kerralla). Saat s\u00e4hk\u00f6postiisi vastausviestin. Lomakkeen ja s\u00e4hk\u00f6postin kautta tuleviin yhteydenottoihin en v\u00e4ltt\u00e4m\u00e4tt\u00e4 vastaa saman tien. Tarvittaessa voit laittaa viesti\u00e4: 050 3252 880<\/p>\n\n\n\n<div class=\"wp-block-contact-form-7-contact-form-selector\">\n<div class=\"wpcf7 no-js\" id=\"wpcf7-f190-o1\" lang=\"fi\" dir=\"ltr\" data-wpcf7-id=\"190\">\n<div class=\"screen-reader-response\"><p role=\"status\" aria-live=\"polite\" aria-atomic=\"true\"><\/p> <ul><\/ul><\/div>\n<form action=\"\/athml\/index.php\/wp-json\/wp\/v2\/pages\/105#wpcf7-f190-o1\" method=\"post\" class=\"wpcf7-form init\" aria-label=\"Yhteydenottolomake\" novalidate=\"novalidate\" data-status=\"init\">\n<fieldset class=\"hidden-fields-container\"><input type=\"hidden\" name=\"_wpcf7\" value=\"190\" \/><input type=\"hidden\" name=\"_wpcf7_version\" value=\"6.1.5\" \/><input type=\"hidden\" name=\"_wpcf7_locale\" value=\"fi\" \/><input type=\"hidden\" name=\"_wpcf7_unit_tag\" value=\"wpcf7-f190-o1\" \/><input type=\"hidden\" name=\"_wpcf7_container_post\" value=\"0\" \/><input type=\"hidden\" name=\"_wpcf7_posted_data_hash\" value=\"\" \/>\n<\/fieldset>\n<p><label> Nimesi<br \/>\n<span class=\"wpcf7-form-control-wrap\" data-name=\"your-name\"><input size=\"40\" maxlength=\"400\" class=\"wpcf7-form-control wpcf7-text wpcf7-validates-as-required\" aria-required=\"true\" aria-invalid=\"false\" value=\"\" type=\"text\" name=\"your-name\" \/><\/span> <\/label>\n<\/p>\n<p><label> S\u00e4hk\u00f6postisi<br \/>\n<span class=\"wpcf7-form-control-wrap\" data-name=\"your-email\"><input size=\"40\" maxlength=\"400\" class=\"wpcf7-form-control wpcf7-email wpcf7-validates-as-required wpcf7-text wpcf7-validates-as-email\" aria-required=\"true\" aria-invalid=\"false\" value=\"\" type=\"email\" name=\"your-email\" \/><\/span> <\/label>\n<\/p>\n<p><label> Puhelinnumerosi<br \/>\n<span class=\"wpcf7-form-control-wrap\" data-name=\"your-phone\"><input size=\"40\" maxlength=\"400\" class=\"wpcf7-form-control wpcf7-text wpcf7-validates-as-required\" aria-required=\"true\" aria-invalid=\"false\" value=\"\" type=\"text\" name=\"your-phone\" \/><\/span> <\/label>\n<\/p>\n<p><label> Mahdollinen viestisi<br \/>\n<span class=\"wpcf7-form-control-wrap\" data-name=\"your-message\"><input size=\"40\" maxlength=\"400\" class=\"wpcf7-form-control wpcf7-text\" aria-invalid=\"false\" value=\"\" type=\"text\" name=\"your-message\" \/><\/span> <\/label>\n<\/p>\n<p><B>LUPA PYS\u00c4HTY\u00c4<\/b><br \/>\n<span class=\"wpcf7-form-control-wrap\" data-name=\"checkbox-586\"><span class=\"wpcf7-form-control wpcf7-checkbox\"><span class=\"wpcf7-list-item first last\"><label><span class=\"wpcf7-list-item-label\">3 kertaa syksyll\u00e4 2025<\/span><input type=\"checkbox\" name=\"checkbox-586[]\" value=\"3 kertaa syksyll\u00e4 2025\" \/><\/label><\/span><\/span><\/span>\n<\/p>\n<HR \/>\n<p><B>TIETOINEN LIIKE<\/b><br \/>\n<span class=\"wpcf7-form-control-wrap\" data-name=\"checkbox-586\"><span class=\"wpcf7-form-control wpcf7-checkbox\"><span class=\"wpcf7-list-item first last\"><label><span class=\"wpcf7-list-item-label\">4 kertaa tiistaisin syyskuussa klo 20.30-21.30<\/span><input type=\"checkbox\" name=\"checkbox-586[]\" value=\"4 kertaa tiistaisin syyskuussa klo 20.30-21.30\" \/><\/label><\/span><\/span><\/span>\n<\/p>\n<HR \/>\n<p><B>ILTA ALEXANDER-TEKNIIKAN PARISSA<\/b><br \/>\n<span class=\"wpcf7-form-control-wrap\" data-name=\"checkbox-586\"><span class=\"wpcf7-form-control wpcf7-checkbox\"><span class=\"wpcf7-list-item first\"><label><span class=\"wpcf7-list-item-label\">to 11.9. klo 18.00-19.30<\/span><input type=\"checkbox\" name=\"checkbox-586[]\" value=\"to 11.9. klo 18.00-19.30\" \/><\/label><\/span><span class=\"wpcf7-list-item\"><label><span class=\"wpcf7-list-item-label\">to 2.10. klo 18.00-19.30<\/span><input type=\"checkbox\" name=\"checkbox-586[]\" value=\"to 2.10. klo 18.00-19.30\" \/><\/label><\/span><span class=\"wpcf7-list-item\"><label><span class=\"wpcf7-list-item-label\">ke 5.11. klo 18.00-19.30<\/span><input type=\"checkbox\" name=\"checkbox-586[]\" value=\"ke 5.11. klo 18.00-19.30\" \/><\/label><\/span><span class=\"wpcf7-list-item last\"><label><span class=\"wpcf7-list-item-label\">ke 3.12. klo 18.00-19.30<\/span><input type=\"checkbox\" name=\"checkbox-586[]\" value=\"ke 3.12. klo 18.00-19.30\" \/><\/label><\/span><\/span><\/span>\n<\/p>\n<HR \/>\n<p><B>PERUSKURSSIT<\/b><br \/>\n<span class=\"wpcf7-form-control-wrap\" data-name=\"checkbox-586\"><span class=\"wpcf7-form-control wpcf7-checkbox\"><span class=\"wpcf7-list-item first last\"><label><span class=\"wpcf7-list-item-label\">la 29.11. klo 10.00-15.00<\/span><input type=\"checkbox\" name=\"checkbox-586[]\" value=\"la 29.11. klo 10.00-15.00\" \/><\/label><\/span><\/span><\/span>\n<\/p>\n<HR \/>\n<p><B>YKSITYISTUNNIT<\/b><br \/>\n<span class=\"wpcf7-form-control-wrap\" data-name=\"checkbox-586\"><span class=\"wpcf7-form-control wpcf7-checkbox\"><span class=\"wpcf7-list-item first last\"><label><span class=\"wpcf7-list-item-label\">sovitaan erikseen<\/span><input type=\"checkbox\" name=\"checkbox-586[]\" value=\"sovitaan erikseen\" \/><\/label><\/span><\/span><\/span>\n<\/p>\n<p><input class=\"wpcf7-form-control wpcf7-submit has-spinner\" type=\"submit\" value=\"L\u00e4het\u00e4\" \/>\n<\/p><div class=\"wpcf7-response-output\" aria-hidden=\"true\"><\/div>\n<\/form>\n<\/div>\n<\/div>\n","protected":false},"excerpt":{"rendered":"<p>Syksy 2025 Tutustu my\u00f6s Facebook-sivuihimme. P\u00e4ivitetty 23.8.2025 T\u00e4lt\u00e4 sivulta l\u00f6yd\u00e4t kaikki kurssi- ja tuntikuvaukset. Klikkaamalla otsikkoa p\u00e4\u00e4set lukemaan tarkemmin. Nettiselaimen palaa-painikkeella (nuoli vasemmalle) p\u00e4\u00e4set t\u00e4h\u00e4n luetteloon takaisin.Voit my\u00f6s selata\/rullata sivua vapaasti alasp\u00e4in.Maksuv\u00e4linein\u00e4 k\u00e4yv\u00e4t: pankkikortti tai k\u00e4teinen (tasaraha) sek\u00e4 ePassi tai Smartum LUPA PYS\u00c4HTY\u00c4 -ryhm\u00e4 Lupa pys\u00e4hty\u00e4 -ryhm\u00e4 kokoontuu kolme kertaa syksyn aikana. Ryhm\u00e4 sopii kaikille,&#8230;<\/p>\n","protected":false},"author":1,"featured_media":0,"parent":0,"menu_order":0,"comment_status":"closed","ping_status":"closed","template":"","meta":{"footnotes":""},"class_list":["post-105","page","type-page","status-publish","hentry"],"_links":{"self":[{"href":"https:\/\/tanssivarpaat.net\/athml\/index.php\/wp-json\/wp\/v2\/pages\/105","targetHints":{"allow":["GET"]}}],"collection":[{"href":"https:\/\/tanssivarpaat.net\/athml\/index.php\/wp-json\/wp\/v2\/pages"}],"about":[{"href":"https:\/\/tanssivarpaat.net\/athml\/index.php\/wp-json\/wp\/v2\/types\/page"}],"author":[{"embeddable":true,"href":"https:\/\/tanssivarpaat.net\/athml\/index.php\/wp-json\/wp\/v2\/users\/1"}],"replies":[{"embeddable":true,"href":"https:\/\/tanssivarpaat.net\/athml\/index.php\/wp-json\/wp\/v2\/comments?post=105"}],"version-history":[{"count":147,"href":"https:\/\/tanssivarpaat.net\/athml\/index.php\/wp-json\/wp\/v2\/pages\/105\/revisions"}],"predecessor-version":[{"id":492,"href":"https:\/\/tanssivarpaat.net\/athml\/index.php\/wp-json\/wp\/v2\/pages\/105\/revisions\/492"}],"wp:attachment":[{"href":"https:\/\/tanssivarpaat.net\/athml\/index.php\/wp-json\/wp\/v2\/media?parent=105"}],"curies":[{"name":"wp","href":"https:\/\/api.w.org\/{rel}","templated":true}]}}